{"id":1059,"date":"2023-10-23T15:15:19","date_gmt":"2023-10-23T15:15:19","guid":{"rendered":"https:\/\/shuarculturalcenter.com\/?page_id=1059"},"modified":"2023-10-23T22:35:39","modified_gmt":"2023-10-23T22:35:39","slug":"travel-policies","status":"publish","type":"page","link":"https:\/\/shuarculturalcenter.com\/es\/travel-policies\/","title":{"rendered":"Travel Policies"},"content":{"rendered":"<div data-elementor-type=\"wp-page\" data-elementor-id=\"1059\" class=\"elementor elementor-1059\" data-elementor-post-type=\"page\">\n\t\t\t\t<div class=\"elementor-element elementor-element-780f498 e-flex e-con-boxed e-con e-parent\" data-id=\"780f498\" data-element_type=\"container\" data-e-type=\"container\" data-settings=\"{&quot;background_background&quot;:&quot;classic&quot;}\">\n\t\t\t\t\t<div class=\"e-con-inner\">\n\t\t\t\t\t<\/div>\n\t\t\t\t<\/div>\n\t\t<div class=\"elementor-element elementor-element-65efb48 e-con-full e-flex e-con e-parent\" data-id=\"65efb48\" data-element_type=\"container\" data-e-type=\"container\">\n\t\t\t\t<div class=\"elementor-element elementor-element-13b397e elementor-widget-divider--view-line_text elementor-widget-divider--element-align-center elementor-widget elementor-widget-divider\" data-id=\"13b397e\" data-element_type=\"widget\" data-e-type=\"widget\" data-widget_type=\"divider.default\">\n\t\t\t\t<div class=\"elementor-widget-container\">\n\t\t\t\t\t\t\t<div class=\"elementor-divider\">\n\t\t\t<span class=\"elementor-divider-separator\">\n\t\t\t\t\t\t\t<span class=\"elementor-divider__text elementor-divider__element\">\n\t\t\t\tPol\u00edtica de viaje\t\t\t\t<\/span>\n\t\t\t\t\t\t<\/span>\n\t\t<\/div>\n\t\t\t\t\t\t<\/div>\n\t\t\t\t<\/div>\n\t\t\t\t<div class=\"elementor-element elementor-element-5adfa32 elementor-widget elementor-widget-text-editor\" data-id=\"5adfa32\" data-element_type=\"widget\" data-e-type=\"widget\" data-widget_type=\"text-editor.default\">\n\t\t\t\t<div class=\"elementor-widget-container\">\n\t\t\t\t\t\t\t\t\t<p>Las reservas estar\u00e1n garantizadas con el pago inicial para el cliente directo o el pago completo de las agencias de viajes. Aceptamos transferencias electr\u00f3nicas de dinero, dep\u00f3sitos bancarios y todas las principales tarjetas de cr\u00e9dito como Visa, MasterCard, American Express, JCB, Discover y Diners Club.<\/p>\t\t\t\t\t\t\t\t<\/div>\n\t\t\t\t<\/div>\n\t\t\t\t<div class=\"elementor-element elementor-element-541d039 elementor-widget-divider--view-line_text elementor-widget-divider--element-align-center elementor-widget elementor-widget-divider\" data-id=\"541d039\" data-element_type=\"widget\" data-e-type=\"widget\" data-widget_type=\"divider.default\">\n\t\t\t\t<div class=\"elementor-widget-container\">\n\t\t\t\t\t\t\t<div class=\"elementor-divider\">\n\t\t\t<span class=\"elementor-divider-separator\">\n\t\t\t\t\t\t\t<span class=\"elementor-divider__text elementor-divider__element\">\n\t\t\t\tC\u00f3mo reservar\t\t\t\t<\/span>\n\t\t\t\t\t\t<\/span>\n\t\t<\/div>\n\t\t\t\t\t\t<\/div>\n\t\t\t\t<\/div>\n\t\t\t\t<div class=\"elementor-element elementor-element-f30f035 elementor-widget elementor-widget-eael-adv-tabs\" data-id=\"f30f035\" data-element_type=\"widget\" data-e-type=\"widget\" data-widget_type=\"eael-adv-tabs.default\">\n\t\t\t\t<div class=\"elementor-widget-container\">\n\t\t\t\t\t        <div data-scroll-on-click=\"no\" data-scroll-speed=\"300\" id=\"eael-advance-tabs-f30f035\" class=\"eael-advance-tabs eael-tabs-horizontal eael-tab-auto-active eael-tab-toggle\" data-tabid=\"f30f035\">\n            <div class=\"eael-tabs-nav\">\n                <ul class=\"eael-tab-inline-icon\" role=\"tablist\">\n                                            <li id=\"direct-costumers\" class=\"inactive eael-tab-item-trigger eael-tab-nav-item\" aria-selected=\"true\" data-tab=\"1\" role=\"tab\" tabindex=\"0\" aria-controls=\"direct-costumers-tab\" aria-expanded=\"false\">\n                            \n                                                        \n                                                            <h1 class=\"eael-tab-title title-after-icon\" >Direct Costumers<\/h1>                            \n                                                    <\/li>\n                                            <li id=\"travel-agency\" class=\"inactive eael-tab-item-trigger eael-tab-nav-item\" aria-selected=\"false\" data-tab=\"2\" role=\"tab\" tabindex=\"-1\" aria-controls=\"travel-agency-tab\" aria-expanded=\"false\">\n                            \n                                                        \n                                                            <h1 class=\"eael-tab-title title-after-icon\" >Travel Agency<\/h1>                            \n                                                    <\/li>\n                    \n                                  <\/ul>\n            <\/div>\n            \n            <div class=\"eael-tabs-content\">\n\t\t        \n                    <div id=\"direct-costumers-tab\" class=\"clearfix eael-tab-content-item inactive\" data-title-link=\"direct-costumers-tab\">\n\t\t\t\t        <p>Para confirmar una Reserva se debe realizar un anticipo del 30% del programa o el total.<\/p><p>Si eres extranjero, el pago se realizar\u00e1 a trav\u00e9s de nuestra cuenta de empresa en WeTravel. Primero deber\u00e1 seleccionar su experiencia.<\/p><p>Si eres ecuatoriano, el anticipo o pago total se har\u00e1 a nuestra cuenta bancaria.<\/p><p>ASOCIACI\u00d3N SHUAR CULTURAL CENTER<\/p><p>2290351297001<\/p><p>CUENTA DE AHORROS\u00a0<br \/>BANCO DEL AUSTRO<\/p><p>RUC: 0022061852<\/p><p><em><strong>PLEASE INFORM US ONCE YOU&#8217;VE MADE A RESERVATION. <\/strong><\/em><\/p><p>El proceso siguiente es enviar copia de la consignaci\u00f3n escaneada al correo electr\u00f3nico <a href=\"mailto:shuarcultural@gmail.com\" target=\"_new\">shuarcultural@gmail.com<\/a> o para m\u00e1s facilidad de nuestros clientes una Foto Clara a trav\u00e9s de WhatsApp al n\u00famero (+593) 0961801463. Despu\u00e9s de verificada la informaci\u00f3n, el personal de ventas se procede con legalizar, adem\u00e1s anexar informaci\u00f3n adicional para validar como:<\/p><ul><li>Nombre y apellido de quien hizo la reservaci\u00f3n<\/li><li>Sus acompa\u00f1antes<\/li><li>NIT o documento de identidad<\/li><li>Lugar de expedici\u00f3n del documento<\/li><li>Direcci\u00f3n de residencia<\/li><li>N\u00famero telef\u00f3nico<\/li><li>Correo electr\u00f3nico<\/li><\/ul><p><br \/>Para realizar reservas, despu\u00e9s de estar concertada la cotizaci\u00f3n final hay 5 d\u00edas en temporada baja y 15 d\u00edas en temporada alta h\u00e1biles para garantizarla, mientras se realiza el anticipo.\n\nToda reserva confirmada en la oficina, ya sea a trav\u00e9s de agencias de viajes o clientes directos, tendr\u00e1 una liquidaci\u00f3n con su respectivo anticipo especificado en la pre reserva que arroja el sistema, adem\u00e1s a trav\u00e9s de correo electr\u00f3nico se enviar\u00e1 soporte escaneado al cliente de los servicios adquiridos, para tener total claridad incluyendo las condiciones y restricciones en caso de Cancelaci\u00f3n, No Show, Cambios de Fecha, etc.<\/p>                    <\/div>\n\t\t        \n                    <div id=\"travel-agency-tab\" class=\"clearfix eael-tab-content-item inactive\" data-title-link=\"travel-agency-tab\">\n\t\t\t\t        <p>Para confirmar una reservaci\u00f3n, la agencia debe realizar el pago total del tour. Esto aplica en cualquiera de las temporadas, y garantiza el bloqueo del viaje.<\/p><p><em><strong>PLEASE INFORM US ONCE YOU&#8217;VE MADE A RESERVATION. <\/strong><\/em><\/p><p>El proceso siguiente es enviar copia de la consignaci\u00f3n escaneada al correo electr\u00f3nico <a href=\"mailto:shuarcultural@gmail.com\" target=\"_new\">shuarcultural@gmail.com<\/a> o para m\u00e1s facilidad de nuestros clientes una Foto Clara a trav\u00e9s de WhatsApp al n\u00famero (+593) 0961801463. Despu\u00e9s de verificada la informaci\u00f3n, el personal de ventas se procede con legalizar, adem\u00e1s anexar informaci\u00f3n adicional para validar como:<\/p><ul><li>Nombre de la agencia que realiz\u00f3 la reservaci\u00f3n<\/li><li>Sus acompa\u00f1antes<\/li><li>NIT o documento de identidad<\/li><li>Lugar de expedici\u00f3n del documento<\/li><li>Direcci\u00f3n de residencia<\/li><li>N\u00famero telef\u00f3nico<\/li><li>Correo electr\u00f3nico<\/li><\/ul><p><br \/>Para realizar reservas, despu\u00e9s de estar concertada la cotizaci\u00f3n final hay 5 d\u00edas en temporada baja y 15 d\u00edas en temporada alta h\u00e1biles para garantizarla, mientras se realiza el anticipo.\n\nToda reserva confirmada en la oficina, ya sea a trav\u00e9s de agencias de viajes o clientes directos, tendr\u00e1 una liquidaci\u00f3n con su respectivo anticipo especificado en la pre reserva que arroja el sistema, adem\u00e1s a trav\u00e9s de correo electr\u00f3nico se enviar\u00e1 soporte escaneado al cliente de los servicios adquiridos, para tener total claridad incluyendo las condiciones y restricciones en caso de Cancelaci\u00f3n, No Show, Cambios de Fecha, etc.<\/p>                    <\/div>\n\t\t                    <\/div>\n        <\/div>\n\t\t\t\t<\/div>\n\t\t\t\t<\/div>\n\t\t\t\t<\/div>\n\t\t<div class=\"elementor-element elementor-element-23a2a94 e-con-full e-flex e-con e-parent\" data-id=\"23a2a94\" data-element_type=\"container\" data-e-type=\"container\" data-settings=\"{&quot;background_background&quot;:&quot;classic&quot;}\">\n\t\t<div class=\"elementor-element elementor-element-3cb1d79 e-con-full e-flex e-con e-child\" data-id=\"3cb1d79\" data-element_type=\"container\" data-e-type=\"container\">\n\t\t\t\t<div class=\"elementor-element elementor-element-7789935 elementor-widget elementor-widget-eael-adv-accordion\" data-id=\"7789935\" data-element_type=\"widget\" data-e-type=\"widget\" data-widget_type=\"eael-adv-accordion.default\">\n\t\t\t\t<div class=\"elementor-widget-container\">\n\t\t\t\t\t            <div class=\"eael-adv-accordion\" id=\"eael-adv-accordion-7789935\" data-scroll-on-click=\"no\" data-scroll-speed=\"300\" data-accordion-id=\"7789935\" data-accordion-type=\"accordion\" data-toogle-speed=\"300\">\n            <div class=\"eael-accordion-list\">\n\t\t\t\t\t<div id=\"cancellation\" class=\"elementor-tab-title eael-accordion-header active-default\" tabindex=\"0\" data-tab=\"1\" aria-controls=\"elementor-tab-content-1251\"><span class=\"eael-advanced-accordion-icon-closed\"><i aria-hidden=\"true\" class=\"fa-accordion-icon fas fa-angle-down\"><\/i><\/span><span class=\"eael-advanced-accordion-icon-opened\"><i aria-hidden=\"true\" class=\"fa-accordion-icon fas fa-angle-right\"><\/i><\/span><h1 class=\"eael-accordion-tab-title\">Cancelaci\u00f3n<\/h1><\/div><div id=\"elementor-tab-content-1251\" class=\"eael-accordion-content clearfix active-default\" data-tab=\"1\" aria-labelledby=\"cancellation\"><p>Se establecen fechas l\u00edmite para la cancelaci\u00f3n de una reserva, teniendo en cuenta la temporada y las condiciones de la siguiente manera:\n\nSi hay un anticipo realizado y por circunstancias ajenas al cliente, no puede realizar su viaje, se aplaza la reserva sin cobrar ninguna penalidad para ser tomada en otra fecha con las mismas caracter\u00edsticas de la reserva Inicial.\n\nA continuaci\u00f3n se dan las fechas l\u00edmite para cancelaci\u00f3n de reservas sin cobro de No Llegada: una (1) semana antes de la fecha de su tour.<\/p><\/div>\n\t\t\t\t\t<\/div><div class=\"eael-accordion-list\">\n\t\t\t\t\t<div id=\"last-minute-cancellation\" class=\"elementor-tab-title eael-accordion-header\" tabindex=\"0\" data-tab=\"2\" aria-controls=\"elementor-tab-content-1252\"><span class=\"eael-advanced-accordion-icon-closed\"><i aria-hidden=\"true\" class=\"fa-accordion-icon fas fa-angle-down\"><\/i><\/span><span class=\"eael-advanced-accordion-icon-opened\"><i aria-hidden=\"true\" class=\"fa-accordion-icon fas fa-angle-right\"><\/i><\/span><h1 class=\"eael-accordion-tab-title\">Cancelaci\u00f3n de \u00daltimo Minuto<\/h1><\/div><div id=\"elementor-tab-content-1252\" class=\"eael-accordion-content clearfix\" data-tab=\"2\" aria-labelledby=\"last-minute-cancellation\"><p>Si el cliente directo, agencias de viajes existiera la cancelaci\u00f3n la operadora no reembolsar\u00e1 el pago total o anticipo que haya realizado.<\/p><\/div>\n\t\t\t\t\t<\/div><div class=\"eael-accordion-list\">\n\t\t\t\t\t<div id=\"no-show-\" class=\"elementor-tab-title eael-accordion-header\" tabindex=\"0\" data-tab=\"3\" aria-controls=\"elementor-tab-content-1253\"><span class=\"eael-advanced-accordion-icon-closed\"><i aria-hidden=\"true\" class=\"fa-accordion-icon fas fa-angle-down\"><\/i><\/span><span class=\"eael-advanced-accordion-icon-opened\"><i aria-hidden=\"true\" class=\"fa-accordion-icon fas fa-angle-right\"><\/i><\/span><h1 class=\"eael-accordion-tab-title\">No Llegada <\/h1><\/div><div id=\"elementor-tab-content-1253\" class=\"eael-accordion-content clearfix\" data-tab=\"3\" aria-labelledby=\"no-show-\"><p>En caso de presentarse un No Llegada con un cliente directo o agencia de viajes, se cobrar\u00e1 el valor correspondiente de un D\u00cdA del tour, por cancelaci\u00f3n de la reserva.\n\nEn caso fortuito se evaluar\u00e1 la situaci\u00f3n y se proceder\u00e1 seg\u00fan criterio de la gerencia, descontando por la operaci\u00f3n y la movilizaci\u00f3n que corresponder\u00edan a los gastos bancarios, para el resto del dinero se har\u00eda la devoluci\u00f3n dentro del tiempo estipulado por la gerencia.<\/p><\/div>\n\t\t\t\t\t<\/div><div class=\"eael-accordion-list\">\n\t\t\t\t\t<div id=\"refund\" class=\"elementor-tab-title eael-accordion-header\" tabindex=\"0\" data-tab=\"4\" aria-controls=\"elementor-tab-content-1254\"><span class=\"eael-advanced-accordion-icon-closed\"><i aria-hidden=\"true\" class=\"fa-accordion-icon fas fa-angle-down\"><\/i><\/span><span class=\"eael-advanced-accordion-icon-opened\"><i aria-hidden=\"true\" class=\"fa-accordion-icon fas fa-angle-right\"><\/i><\/span><h1 class=\"eael-accordion-tab-title\">Devoluci\u00f3n<\/h1><\/div><div id=\"elementor-tab-content-1254\" class=\"eael-accordion-content clearfix\" data-tab=\"4\" aria-labelledby=\"refund\"><p>The process for refunding the deposit will be as follows:<\/p><ul><li>Retenci\u00f3n por gastos bancarios por un valor de 10% del pago total del cliente.<\/li><li>El cliente o agencia de viajes har\u00e1 una carta solicitando la devoluci\u00f3n del dinero y la raz\u00f3n por la cual hizo la cancelaci\u00f3n de la reserva, especificando el n\u00famero de cuenta a la cual ser\u00e1 consignado el dinero, en lo posible a nombre del titular de la reserva.<\/li><li>La devoluci\u00f3n ser\u00e1 realizada en un lapso de 5 a 8 d\u00edas h\u00e1biles despu\u00e9s de la solicitud.\n\nSi la cancelaci\u00f3n de la reserva corresponde a un evento, se har\u00e1 de acuerdo a las especificaciones y condiciones acordadas por ambas partes en la orden de servicios o contrato realizado.<\/li><\/ul><\/div>\n\t\t\t\t\t<\/div><\/div>\t\t\t\t<\/div>\n\t\t\t\t<\/div>\n\t\t\t\t<\/div>\n\t\t<div class=\"elementor-element elementor-element-84d462a elementor-hidden-mobile e-flex e-con-boxed e-con e-child\" data-id=\"84d462a\" data-element_type=\"container\" data-e-type=\"container\">\n\t\t\t\t\t<div class=\"e-con-inner\">\n\t\t\t\t\t<\/div>\n\t\t\t\t<\/div>\n\t\t\t\t<\/div>\n\t\t<div class=\"elementor-element elementor-element-5e86255 e-flex e-con-boxed e-con e-parent\" data-id=\"5e86255\" data-element_type=\"container\" data-e-type=\"container\">\n\t\t\t\t\t<div class=\"e-con-inner\">\n\t\t\t\t<div class=\"elementor-element elementor-element-c2ed1e2 elementor-widget-divider--view-line_text elementor-widget-divider--element-align-center elementor-widget elementor-widget-divider\" data-id=\"c2ed1e2\" data-element_type=\"widget\" data-e-type=\"widget\" data-widget_type=\"divider.default\">\n\t\t\t\t<div class=\"elementor-widget-container\">\n\t\t\t\t\t\t\t<div class=\"elementor-divider\">\n\t\t\t<span class=\"elementor-divider-separator\">\n\t\t\t\t\t\t\t<span class=\"elementor-divider__text elementor-divider__element\">\n\t\t\t\tPrivacy policy\t\t\t\t<\/span>\n\t\t\t\t\t\t<\/span>\n\t\t<\/div>\n\t\t\t\t\t\t<\/div>\n\t\t\t\t<\/div>\n\t\t\t\t<div class=\"elementor-element elementor-element-2be1ddc elementor-widget elementor-widget-text-editor\" data-id=\"2be1ddc\" data-element_type=\"widget\" data-e-type=\"widget\" data-widget_type=\"text-editor.default\">\n\t\t\t\t<div class=\"elementor-widget-container\">\n\t\t\t\t\t\t\t\t\t<p>Shuar Cultural Center utiliza Google Analytics y el administrador de etiquetas de Google. Esto significa que a trav\u00e9s de estas herramientas se recopilan datos personales como cookies y datos de uso para el rendimiento y el uso del sitio. Estos datos son an\u00f3nimos y no almacenamos ni vendemos personalmente ning\u00fan dato recopilado mediante el uso de estos productos de Google.<\/p>\t\t\t\t\t\t\t\t<\/div>\n\t\t\t\t<\/div>\n\t\t\t\t\t<\/div>\n\t\t\t\t<\/div>\n\t\t\t\t<\/div>","protected":false},"excerpt":{"rendered":"<p>Travel policy Reservations are guaranteed with the initial payment for direct customers or the full payment for travel agencies. We accept electronic money transfers, bank deposits, and all major credit cards, including Visa, MasterCard, American Express, JCB, Discover, and Diners Club. How to reserve Direct Costumers Travel Agency To confirm a reservation, a 30% deposit [&hellip;]<\/p>\n","protected":false},"author":2,"featured_media":0,"parent":0,"menu_order":0,"comment_status":"closed","ping_status":"closed","template":"elementor_header_footer","meta":{"footnotes":""},"class_list":["post-1059","page","type-page","status-publish","hentry"],"yoast_head":"<!-- This site is optimized with the Yoast SEO plugin v27.3 - https:\/\/yoast.com\/product\/yoast-seo-wordpress\/ -->\n<title>Travel Policies - Shuar Cultural Center<\/title>\n<meta name=\"robots\" content=\"index, follow, max-snippet:-1, max-image-preview:large, max-video-preview:-1\" \/>\n<link rel=\"canonical\" href=\"https:\/\/shuarculturalcenter.com\/es\/travel-policies\/\" \/>\n<meta property=\"og:locale\" content=\"es_ES\" \/>\n<meta property=\"og:type\" content=\"article\" \/>\n<meta property=\"og:title\" content=\"Travel Policies - Shuar Cultural Center\" \/>\n<meta property=\"og:description\" content=\"Travel policy Reservations are guaranteed with the initial payment for direct customers or the full payment for travel agencies. We accept electronic money transfers, bank deposits, and all major credit cards, including Visa, MasterCard, American Express, JCB, Discover, and Diners Club. How to reserve Direct Costumers Travel Agency To confirm a reservation, a 30% deposit [&hellip;]\" \/>\n<meta property=\"og:url\" content=\"https:\/\/shuarculturalcenter.com\/es\/travel-policies\/\" \/>\n<meta property=\"og:site_name\" content=\"Shuar Cultural Center\" \/>\n<meta property=\"article:publisher\" content=\"https:\/\/www.facebook.com\/rescatecultural.shuar\" \/>\n<meta property=\"article:modified_time\" content=\"2023-10-23T22:35:39+00:00\" \/>\n<meta name=\"twitter:card\" content=\"summary_large_image\" \/>\n<meta name=\"twitter:label1\" content=\"Tiempo de lectura\" \/>\n\t<meta name=\"twitter:data1\" content=\"4 minutos\" \/>\n<script type=\"application\/ld+json\" class=\"yoast-schema-graph\">{\"@context\":\"https:\\\/\\\/schema.org\",\"@graph\":[{\"@type\":\"WebPage\",\"@id\":\"https:\\\/\\\/shuarculturalcenter.com\\\/travel-policies\\\/\",\"url\":\"https:\\\/\\\/shuarculturalcenter.com\\\/travel-policies\\\/\",\"name\":\"Travel Policies - Shuar Cultural Center\",\"isPartOf\":{\"@id\":\"https:\\\/\\\/shuarculturalcenter.com\\\/#website\"},\"datePublished\":\"2023-10-23T15:15:19+00:00\",\"dateModified\":\"2023-10-23T22:35:39+00:00\",\"breadcrumb\":{\"@id\":\"https:\\\/\\\/shuarculturalcenter.com\\\/travel-policies\\\/#breadcrumb\"},\"inLanguage\":\"es\",\"potentialAction\":[{\"@type\":\"ReadAction\",\"target\":[\"https:\\\/\\\/shuarculturalcenter.com\\\/travel-policies\\\/\"]}]},{\"@type\":\"BreadcrumbList\",\"@id\":\"https:\\\/\\\/shuarculturalcenter.com\\\/travel-policies\\\/#breadcrumb\",\"itemListElement\":[{\"@type\":\"ListItem\",\"position\":1,\"name\":\"Home\",\"item\":\"https:\\\/\\\/shuarculturalcenter.com\\\/\"},{\"@type\":\"ListItem\",\"position\":2,\"name\":\"Travel Policies\"}]},{\"@type\":\"WebSite\",\"@id\":\"https:\\\/\\\/shuarculturalcenter.com\\\/#website\",\"url\":\"https:\\\/\\\/shuarculturalcenter.com\\\/\",\"name\":\"Shuar Cultural Center\",\"description\":\"Experts in Adventure Tours in the Amazon Rainforest in Ecuador\",\"publisher\":{\"@id\":\"https:\\\/\\\/shuarculturalcenter.com\\\/#organization\"},\"potentialAction\":[{\"@type\":\"SearchAction\",\"target\":{\"@type\":\"EntryPoint\",\"urlTemplate\":\"https:\\\/\\\/shuarculturalcenter.com\\\/?s={search_term_string}\"},\"query-input\":{\"@type\":\"PropertyValueSpecification\",\"valueRequired\":true,\"valueName\":\"search_term_string\"}}],\"inLanguage\":\"es\"},{\"@type\":\"Organization\",\"@id\":\"https:\\\/\\\/shuarculturalcenter.com\\\/#organization\",\"name\":\"Shuar Cultural Center\",\"url\":\"https:\\\/\\\/shuarculturalcenter.com\\\/\",\"logo\":{\"@type\":\"ImageObject\",\"inLanguage\":\"es\",\"@id\":\"https:\\\/\\\/shuarculturalcenter.com\\\/#\\\/schema\\\/logo\\\/image\\\/\",\"url\":\"https:\\\/\\\/shuarculturalcenter.com\\\/wp-content\\\/uploads\\\/2023\\\/09\\\/LOGO-FINAL-BLANCO.png\",\"contentUrl\":\"https:\\\/\\\/shuarculturalcenter.com\\\/wp-content\\\/uploads\\\/2023\\\/09\\\/LOGO-FINAL-BLANCO.png\",\"width\":1533,\"height\":474,\"caption\":\"Shuar Cultural Center\"},\"image\":{\"@id\":\"https:\\\/\\\/shuarculturalcenter.com\\\/#\\\/schema\\\/logo\\\/image\\\/\"},\"sameAs\":[\"https:\\\/\\\/www.facebook.com\\\/rescatecultural.shuar\",\"https:\\\/\\\/www.instagram.com\\\/shuar_cultural_center\\\/\",\"https:\\\/\\\/www.tiktok.com\\\/@shuarculturalcenter\"]}]}<\/script>\n<!-- \/ Yoast SEO plugin. -->","yoast_head_json":{"title":"Travel Policies - Shuar Cultural Center","robots":{"index":"index","follow":"follow","max-snippet":"max-snippet:-1","max-image-preview":"max-image-preview:large","max-video-preview":"max-video-preview:-1"},"canonical":"https:\/\/shuarculturalcenter.com\/es\/travel-policies\/","og_locale":"es_ES","og_type":"article","og_title":"Travel Policies - Shuar Cultural Center","og_description":"Travel policy Reservations are guaranteed with the initial payment for direct customers or the full payment for travel agencies. We accept electronic money transfers, bank deposits, and all major credit cards, including Visa, MasterCard, American Express, JCB, Discover, and Diners Club. How to reserve Direct Costumers Travel Agency To confirm a reservation, a 30% deposit [&hellip;]","og_url":"https:\/\/shuarculturalcenter.com\/es\/travel-policies\/","og_site_name":"Shuar Cultural Center","article_publisher":"https:\/\/www.facebook.com\/rescatecultural.shuar","article_modified_time":"2023-10-23T22:35:39+00:00","twitter_card":"summary_large_image","twitter_misc":{"Tiempo de lectura":"4 minutos"},"schema":{"@context":"https:\/\/schema.org","@graph":[{"@type":"WebPage","@id":"https:\/\/shuarculturalcenter.com\/travel-policies\/","url":"https:\/\/shuarculturalcenter.com\/travel-policies\/","name":"Travel Policies - Shuar Cultural Center","isPartOf":{"@id":"https:\/\/shuarculturalcenter.com\/#website"},"datePublished":"2023-10-23T15:15:19+00:00","dateModified":"2023-10-23T22:35:39+00:00","breadcrumb":{"@id":"https:\/\/shuarculturalcenter.com\/travel-policies\/#breadcrumb"},"inLanguage":"es","potentialAction":[{"@type":"ReadAction","target":["https:\/\/shuarculturalcenter.com\/travel-policies\/"]}]},{"@type":"BreadcrumbList","@id":"https:\/\/shuarculturalcenter.com\/travel-policies\/#breadcrumb","itemListElement":[{"@type":"ListItem","position":1,"name":"Home","item":"https:\/\/shuarculturalcenter.com\/"},{"@type":"ListItem","position":2,"name":"Travel Policies"}]},{"@type":"WebSite","@id":"https:\/\/shuarculturalcenter.com\/#website","url":"https:\/\/shuarculturalcenter.com\/","name":"Shuar Cultural Center","description":"Experts in Adventure Tours in the Amazon Rainforest in Ecuador","publisher":{"@id":"https:\/\/shuarculturalcenter.com\/#organization"},"potentialAction":[{"@type":"SearchAction","target":{"@type":"EntryPoint","urlTemplate":"https:\/\/shuarculturalcenter.com\/?s={search_term_string}"},"query-input":{"@type":"PropertyValueSpecification","valueRequired":true,"valueName":"search_term_string"}}],"inLanguage":"es"},{"@type":"Organization","@id":"https:\/\/shuarculturalcenter.com\/#organization","name":"Shuar Cultural Center","url":"https:\/\/shuarculturalcenter.com\/","logo":{"@type":"ImageObject","inLanguage":"es","@id":"https:\/\/shuarculturalcenter.com\/#\/schema\/logo\/image\/","url":"https:\/\/shuarculturalcenter.com\/wp-content\/uploads\/2023\/09\/LOGO-FINAL-BLANCO.png","contentUrl":"https:\/\/shuarculturalcenter.com\/wp-content\/uploads\/2023\/09\/LOGO-FINAL-BLANCO.png","width":1533,"height":474,"caption":"Shuar Cultural Center"},"image":{"@id":"https:\/\/shuarculturalcenter.com\/#\/schema\/logo\/image\/"},"sameAs":["https:\/\/www.facebook.com\/rescatecultural.shuar","https:\/\/www.instagram.com\/shuar_cultural_center\/","https:\/\/www.tiktok.com\/@shuarculturalcenter"]}]}},"_links":{"self":[{"href":"https:\/\/shuarculturalcenter.com\/es\/wp-json\/wp\/v2\/pages\/1059","targetHints":{"allow":["GET"]}}],"collection":[{"href":"https:\/\/shuarculturalcenter.com\/es\/wp-json\/wp\/v2\/pages"}],"about":[{"href":"https:\/\/shuarculturalcenter.com\/es\/wp-json\/wp\/v2\/types\/page"}],"author":[{"embeddable":true,"href":"https:\/\/shuarculturalcenter.com\/es\/wp-json\/wp\/v2\/users\/2"}],"replies":[{"embeddable":true,"href":"https:\/\/shuarculturalcenter.com\/es\/wp-json\/wp\/v2\/comments?post=1059"}],"version-history":[{"count":28,"href":"https:\/\/shuarculturalcenter.com\/es\/wp-json\/wp\/v2\/pages\/1059\/revisions"}],"predecessor-version":[{"id":1118,"href":"https:\/\/shuarculturalcenter.com\/es\/wp-json\/wp\/v2\/pages\/1059\/revisions\/1118"}],"wp:attachment":[{"href":"https:\/\/shuarculturalcenter.com\/es\/wp-json\/wp\/v2\/media?parent=1059"}],"curies":[{"name":"wp","href":"https:\/\/api.w.org\/{rel}","templated":true}]}}