{"id":287,"date":"2023-09-19T19:05:12","date_gmt":"2023-09-19T19:05:12","guid":{"rendered":"https:\/\/shuarculturalcenter.lalibre.net\/?page_id=287"},"modified":"2023-10-23T15:26:09","modified_gmt":"2023-10-23T15:26:09","slug":"bio-products","status":"publish","type":"page","link":"https:\/\/shuarculturalcenter.com\/es\/bio-products\/","title":{"rendered":"Bio Productos"},"content":{"rendered":"<div data-elementor-type=\"wp-page\" data-elementor-id=\"287\" class=\"elementor elementor-287\" data-elementor-post-type=\"page\">\n\t\t\t\t<div class=\"elementor-element elementor-element-c81d520 e-flex e-con-boxed e-con e-parent\" data-id=\"c81d520\" data-element_type=\"container\" data-e-type=\"container\" data-settings=\"{&quot;background_background&quot;:&quot;classic&quot;}\">\n\t\t\t\t\t<div class=\"e-con-inner\">\n\t\t\t\t\t<\/div>\n\t\t\t\t<\/div>\n\t\t<div class=\"elementor-element elementor-element-f83102b e-flex e-con-boxed e-con e-parent\" data-id=\"f83102b\" data-element_type=\"container\" data-e-type=\"container\">\n\t\t\t\t\t<div class=\"e-con-inner\">\n\t\t<div class=\"elementor-element elementor-element-29d83bb e-con-full e-flex e-con e-child\" data-id=\"29d83bb\" data-element_type=\"container\" data-e-type=\"container\">\n\t\t<div class=\"elementor-element elementor-element-ff2178c e-flex e-con-boxed e-con e-child\" data-id=\"ff2178c\" data-element_type=\"container\" data-e-type=\"container\">\n\t\t\t\t\t<div class=\"e-con-inner\">\n\t\t\t\t<div class=\"elementor-element elementor-element-fb96291 elementor-invisible elementor-widget elementor-widget-image\" data-id=\"fb96291\" data-element_type=\"widget\" data-e-type=\"widget\" data-settings=\"{&quot;_animation&quot;:&quot;fadeInUp&quot;}\" data-widget_type=\"image.default\">\n\t\t\t\t<div class=\"elementor-widget-container\">\n\t\t\t\t\t\t\t\t\t\t\t\t\t\t\t<img fetchpriority=\"high\" decoding=\"async\" width=\"800\" height=\"123\" src=\"https:\/\/shuarculturalcenter.com\/wp-content\/uploads\/2023\/09\/borde-1-1024x158.png\" class=\"attachment-large size-large wp-image-359\" alt=\"\" srcset=\"https:\/\/shuarculturalcenter.com\/wp-content\/uploads\/2023\/09\/borde-1-1024x158.png 1024w, https:\/\/shuarculturalcenter.com\/wp-content\/uploads\/2023\/09\/borde-1-300x46.png 300w, https:\/\/shuarculturalcenter.com\/wp-content\/uploads\/2023\/09\/borde-1-768x119.png 768w, https:\/\/shuarculturalcenter.com\/wp-content\/uploads\/2023\/09\/borde-1-1536x237.png 1536w, https:\/\/shuarculturalcenter.com\/wp-content\/uploads\/2023\/09\/borde-1-18x3.png 18w, https:\/\/shuarculturalcenter.com\/wp-content\/uploads\/2023\/09\/borde-1.png 1734w\" sizes=\"(max-width: 800px) 100vw, 800px\" \/>\t\t\t\t\t\t\t\t\t\t\t\t\t\t\t<\/div>\n\t\t\t\t<\/div>\n\t\t\t\t<div class=\"elementor-element elementor-element-690e3e4 elementor-widget elementor-widget-heading\" data-id=\"690e3e4\" data-element_type=\"widget\" data-e-type=\"widget\" data-widget_type=\"heading.default\">\n\t\t\t\t<div class=\"elementor-widget-container\">\n\t\t\t\t\t<h2 class=\"elementor-heading-title elementor-size-default\">Producimos nuestros productos con nuestras propias manos.<\/h2>\t\t\t\t<\/div>\n\t\t\t\t<\/div>\n\t\t\t\t\t<\/div>\n\t\t\t\t<\/div>\n\t\t\t\t<\/div>\n\t\t<div class=\"elementor-element elementor-element-d791b93 e-con-full e-flex e-con e-child\" data-id=\"d791b93\" data-element_type=\"container\" data-e-type=\"container\">\n\t\t\t\t<div class=\"elementor-element elementor-element-aa274ea elementor-widget elementor-widget-video\" data-id=\"aa274ea\" data-element_type=\"widget\" data-e-type=\"widget\" data-settings=\"{&quot;youtube_url&quot;:&quot;https:\\\/\\\/www.youtube.com\\\/watch?v=Srr_svy7sTw&amp;t=6s&amp;ab_channel=PROAmazon%C3%ADaEcuador&quot;,&quot;video_type&quot;:&quot;youtube&quot;,&quot;controls&quot;:&quot;yes&quot;}\" data-widget_type=\"video.default\">\n\t\t\t\t<div class=\"elementor-widget-container\">\n\t\t\t\t\t\t\t<div class=\"elementor-wrapper elementor-open-inline\">\n\t\t\t<div class=\"elementor-video\"><\/div>\t\t<\/div>\n\t\t\t\t\t\t<\/div>\n\t\t\t\t<\/div>\n\t\t\t\t<\/div>\n\t\t\t\t\t<\/div>\n\t\t\t\t<\/div>\n\t\t<div class=\"elementor-element elementor-element-fa2f87a e-flex e-con-boxed e-con e-parent\" data-id=\"fa2f87a\" data-element_type=\"container\" data-e-type=\"container\">\n\t\t\t\t\t<div class=\"e-con-inner\">\n\t\t\t\t<div class=\"elementor-element elementor-element-b55d048 elementor-widget-divider--view-line_text elementor-widget-divider--element-align-center elementor-widget elementor-widget-divider\" data-id=\"b55d048\" data-element_type=\"widget\" data-e-type=\"widget\" data-widget_type=\"divider.default\">\n\t\t\t\t<div class=\"elementor-widget-container\">\n\t\t\t\t\t\t\t<div class=\"elementor-divider\">\n\t\t\t<span class=\"elementor-divider-separator\">\n\t\t\t\t\t\t\t<span class=\"elementor-divider__text elementor-divider__element\">\n\t\t\t\tNuestros bioproductos\t\t\t\t<\/span>\n\t\t\t\t\t\t<\/span>\n\t\t<\/div>\n\t\t\t\t\t\t<\/div>\n\t\t\t\t<\/div>\n\t\t\t\t\t<\/div>\n\t\t\t\t<\/div>\n\t\t<div class=\"elementor-element elementor-element-e18b478 e-con-full e-flex e-con e-parent\" data-id=\"e18b478\" data-element_type=\"container\" data-e-type=\"container\">\n\t\t<div class=\"elementor-element elementor-element-460d874 e-con-full e-flex e-con e-child\" data-id=\"460d874\" data-element_type=\"container\" data-e-type=\"container\">\n\t\t\t\t<div class=\"elementor-element elementor-element-ec84a99 elementor-widget elementor-widget-heading\" data-id=\"ec84a99\" data-element_type=\"widget\" data-e-type=\"widget\" data-widget_type=\"heading.default\">\n\t\t\t\t<div class=\"elementor-widget-container\">\n\t\t\t\t\t<h2 class=\"elementor-heading-title elementor-size-default\">Tsuak<\/h2>\t\t\t\t<\/div>\n\t\t\t\t<\/div>\n\t\t\t\t<div class=\"elementor-element elementor-element-e197c70 elementor-widget elementor-widget-text-editor\" data-id=\"e197c70\" data-element_type=\"widget\" data-e-type=\"widget\" data-widget_type=\"text-editor.default\">\n\t\t\t\t<div class=\"elementor-widget-container\">\n\t\t\t\t\t\t\t\t\t<p>TSUAK es un licor Shuar, org\u00e1nico y natural que ayuda a cuidar de tu salud fortaleciendo tu sistema inmunol\u00f3gico. Carmen Mashumar, una de las cofundadoras del Centro Cultural Shuar, elabor\u00f3 cuidadosamente este licor con su conocimiento ancestral de plantas medicinales en 2019. Su inspiraci\u00f3n para crear este licor fue enfrentar tiempos dif\u00edciles durante la pandemia.<\/p>\t\t\t\t\t\t\t\t<\/div>\n\t\t\t\t<\/div>\n\t\t\t\t<div class=\"elementor-element elementor-element-5992882 elementor-widget elementor-widget-image\" data-id=\"5992882\" data-element_type=\"widget\" data-e-type=\"widget\" data-widget_type=\"image.default\">\n\t\t\t\t<div class=\"elementor-widget-container\">\n\t\t\t\t\t\t\t\t\t\t\t\t\t\t\t<img decoding=\"async\" width=\"800\" height=\"534\" src=\"https:\/\/shuarculturalcenter.com\/wp-content\/uploads\/2023\/09\/DSCF5724-scaled-updraft-pre-smush-original-1024x683.jpg\" class=\"attachment-large size-large wp-image-358\" alt=\"\" srcset=\"https:\/\/shuarculturalcenter.com\/wp-content\/uploads\/2023\/09\/DSCF5724-scaled-updraft-pre-smush-original-1024x683.jpg 1024w, https:\/\/shuarculturalcenter.com\/wp-content\/uploads\/2023\/09\/DSCF5724-scaled-updraft-pre-smush-original-300x200.jpg 300w, https:\/\/shuarculturalcenter.com\/wp-content\/uploads\/2023\/09\/DSCF5724-scaled-updraft-pre-smush-original-768x512.jpg 768w, https:\/\/shuarculturalcenter.com\/wp-content\/uploads\/2023\/09\/DSCF5724-scaled-updraft-pre-smush-original-1536x1024.jpg 1536w, https:\/\/shuarculturalcenter.com\/wp-content\/uploads\/2023\/09\/DSCF5724-scaled-updraft-pre-smush-original-2048x1366.jpg 2048w, https:\/\/shuarculturalcenter.com\/wp-content\/uploads\/2023\/09\/DSCF5724-scaled-updraft-pre-smush-original-18x12.jpg 18w\" sizes=\"(max-width: 800px) 100vw, 800px\" \/>\t\t\t\t\t\t\t\t\t\t\t\t\t\t\t<\/div>\n\t\t\t\t<\/div>\n\t\t\t\t<\/div>\n\t\t<div class=\"elementor-element elementor-element-ac78243 e-con-full e-flex e-con e-child\" data-id=\"ac78243\" data-element_type=\"container\" data-e-type=\"container\">\n\t\t\t\t<div class=\"elementor-element elementor-element-b375f94 elementor-widget elementor-widget-image\" data-id=\"b375f94\" data-element_type=\"widget\" data-e-type=\"widget\" data-widget_type=\"image.default\">\n\t\t\t\t<div class=\"elementor-widget-container\">\n\t\t\t\t\t\t\t\t\t\t\t\t\t\t\t<img decoding=\"async\" width=\"800\" height=\"534\" src=\"https:\/\/shuarculturalcenter.com\/wp-content\/uploads\/2023\/09\/DSCF5732-1-scaled-updraft-pre-smush-original-1024x683.jpg\" class=\"attachment-large size-large wp-image-361\" alt=\"\" srcset=\"https:\/\/shuarculturalcenter.com\/wp-content\/uploads\/2023\/09\/DSCF5732-1-scaled-updraft-pre-smush-original-1024x683.jpg 1024w, https:\/\/shuarculturalcenter.com\/wp-content\/uploads\/2023\/09\/DSCF5732-1-scaled-updraft-pre-smush-original-300x200.jpg 300w, https:\/\/shuarculturalcenter.com\/wp-content\/uploads\/2023\/09\/DSCF5732-1-scaled-updraft-pre-smush-original-768x512.jpg 768w, https:\/\/shuarculturalcenter.com\/wp-content\/uploads\/2023\/09\/DSCF5732-1-scaled-updraft-pre-smush-original-1536x1024.jpg 1536w, https:\/\/shuarculturalcenter.com\/wp-content\/uploads\/2023\/09\/DSCF5732-1-scaled-updraft-pre-smush-original-2048x1366.jpg 2048w, https:\/\/shuarculturalcenter.com\/wp-content\/uploads\/2023\/09\/DSCF5732-1-scaled-updraft-pre-smush-original-18x12.jpg 18w\" sizes=\"(max-width: 800px) 100vw, 800px\" \/>\t\t\t\t\t\t\t\t\t\t\t\t\t\t\t<\/div>\n\t\t\t\t<\/div>\n\t\t\t\t<div class=\"elementor-element elementor-element-23f67a3 elementor-widget elementor-widget-heading\" data-id=\"23f67a3\" data-element_type=\"widget\" data-e-type=\"widget\" data-widget_type=\"heading.default\">\n\t\t\t\t<div class=\"elementor-widget-container\">\n\t\t\t\t\t<h2 class=\"elementor-heading-title elementor-size-default\">Jimia<\/h2>\t\t\t\t<\/div>\n\t\t\t\t<\/div>\n\t\t\t\t<div class=\"elementor-element elementor-element-7bcb2d8 elementor-widget elementor-widget-text-editor\" data-id=\"7bcb2d8\" data-element_type=\"widget\" data-e-type=\"widget\" data-widget_type=\"text-editor.default\">\n\t\t\t\t<div class=\"elementor-widget-container\">\n\t\t\t\t\t\t\t\t\t<p>Esta planta ha sido parte de nuestro patrimonio cultural durante generaciones; se ha utilizado con fines gastron\u00f3micos, como acompa\u00f1amiento para carnes, pescados, caldos y m\u00e1s. Otra forma de uso era para torturar a los enemigos y como castigo para los desobedientes; ataban al individuo a un tronco y lo ahumaban con esta planta, el ardor y picaz\u00f3n en el aire eran su tormento.\nComo parte de nuestra contribuci\u00f3n a la sostenibilidad y rescate de nuestras tradiciones, hemos desarrollado una nueva l\u00ednea de productos para el arte culinario, como el \"SHUAR JIMIA\", elaborado a partir de chiles usados ancestralmente por nuestros abuelos, sazonados con sal y especias Shuar.<\/p>\t\t\t\t\t\t\t\t<\/div>\n\t\t\t\t<\/div>\n\t\t\t\t<\/div>\n\t\t\t\t<\/div>\n\t\t<div class=\"elementor-element elementor-element-d265134 e-con-full e-flex e-con e-parent\" data-id=\"d265134\" data-element_type=\"container\" data-e-type=\"container\">\n\t\t\t\t<div class=\"elementor-element elementor-element-0311836 elementor-widget elementor-widget-video\" data-id=\"0311836\" data-element_type=\"widget\" data-e-type=\"widget\" data-settings=\"{&quot;youtube_url&quot;:&quot;https:\\\/\\\/www.youtube.com\\\/watch?v=tm3RlTYgtZc&amp;t=161s&quot;,&quot;video_type&quot;:&quot;youtube&quot;,&quot;controls&quot;:&quot;yes&quot;}\" data-widget_type=\"video.default\">\n\t\t\t\t<div class=\"elementor-widget-container\">\n\t\t\t\t\t\t\t<div class=\"elementor-wrapper elementor-open-inline\">\n\t\t\t<div class=\"elementor-video\"><\/div>\t\t<\/div>\n\t\t\t\t\t\t<\/div>\n\t\t\t\t<\/div>\n\t\t\t\t<\/div>\n\t\t\t\t<\/div>","protected":false},"excerpt":{"rendered":"<p>We produce our own products with our own hands. Our Products Tsuak TSUAK is a Shuar liquor, organic and natural, that helps take care of your health by strengthening your immune system. Carmen Mashumar, one of the co-founders of the Shuar Cultural Center, carefully crafted this liquor using her ancestral knowledge of medicinal plants in [&hellip;]<\/p>\n","protected":false},"author":2,"featured_media":0,"parent":0,"menu_order":0,"comment_status":"closed","ping_status":"closed","template":"elementor_header_footer","meta":{"footnotes":""},"class_list":["post-287","page","type-page","status-publish","hentry"],"yoast_head":"<!-- This site is optimized with the Yoast SEO plugin v27.3 - https:\/\/yoast.com\/product\/yoast-seo-wordpress\/ -->\n<title>Bio Products - Shuar Cultural Center<\/title>\n<meta name=\"robots\" content=\"index, follow, max-snippet:-1, max-image-preview:large, max-video-preview:-1\" \/>\n<link rel=\"canonical\" href=\"https:\/\/shuarculturalcenter.com\/es\/bio-products\/\" \/>\n<meta property=\"og:locale\" content=\"es_ES\" \/>\n<meta property=\"og:type\" content=\"article\" \/>\n<meta property=\"og:title\" content=\"Bio Products - Shuar Cultural Center\" \/>\n<meta property=\"og:description\" content=\"We produce our own products with our own hands. Our Products Tsuak TSUAK is a Shuar liquor, organic and natural, that helps take care of your health by strengthening your immune system. Carmen Mashumar, one of the co-founders of the Shuar Cultural Center, carefully crafted this liquor using her ancestral knowledge of medicinal plants in [&hellip;]\" \/>\n<meta property=\"og:url\" content=\"https:\/\/shuarculturalcenter.com\/es\/bio-products\/\" \/>\n<meta property=\"og:site_name\" content=\"Shuar Cultural Center\" \/>\n<meta property=\"article:publisher\" content=\"https:\/\/www.facebook.com\/rescatecultural.shuar\" \/>\n<meta property=\"article:modified_time\" content=\"2023-10-23T15:26:09+00:00\" \/>\n<meta property=\"og:image\" content=\"https:\/\/shuarculturalcenter.com\/wp-content\/uploads\/2023\/09\/borde-1-1024x158.png\" \/>\n<meta name=\"twitter:card\" content=\"summary_large_image\" \/>\n<meta name=\"twitter:label1\" content=\"Tiempo de lectura\" \/>\n\t<meta name=\"twitter:data1\" content=\"1 minuto\" \/>\n<script type=\"application\/ld+json\" class=\"yoast-schema-graph\">{\"@context\":\"https:\\\/\\\/schema.org\",\"@graph\":[{\"@type\":\"WebPage\",\"@id\":\"https:\\\/\\\/shuarculturalcenter.com\\\/bio-products\\\/\",\"url\":\"https:\\\/\\\/shuarculturalcenter.com\\\/bio-products\\\/\",\"name\":\"Bio Products - Shuar Cultural Center\",\"isPartOf\":{\"@id\":\"https:\\\/\\\/shuarculturalcenter.com\\\/#website\"},\"primaryImageOfPage\":{\"@id\":\"https:\\\/\\\/shuarculturalcenter.com\\\/bio-products\\\/#primaryimage\"},\"image\":{\"@id\":\"https:\\\/\\\/shuarculturalcenter.com\\\/bio-products\\\/#primaryimage\"},\"thumbnailUrl\":\"https:\\\/\\\/shuarculturalcenter.com\\\/wp-content\\\/uploads\\\/2023\\\/09\\\/borde-1-1024x158.png\",\"datePublished\":\"2023-09-19T19:05:12+00:00\",\"dateModified\":\"2023-10-23T15:26:09+00:00\",\"breadcrumb\":{\"@id\":\"https:\\\/\\\/shuarculturalcenter.com\\\/bio-products\\\/#breadcrumb\"},\"inLanguage\":\"es\",\"potentialAction\":[{\"@type\":\"ReadAction\",\"target\":[\"https:\\\/\\\/shuarculturalcenter.com\\\/bio-products\\\/\"]}]},{\"@type\":\"ImageObject\",\"inLanguage\":\"es\",\"@id\":\"https:\\\/\\\/shuarculturalcenter.com\\\/bio-products\\\/#primaryimage\",\"url\":\"https:\\\/\\\/shuarculturalcenter.com\\\/wp-content\\\/uploads\\\/2023\\\/09\\\/borde-1-1024x158.png\",\"contentUrl\":\"https:\\\/\\\/shuarculturalcenter.com\\\/wp-content\\\/uploads\\\/2023\\\/09\\\/borde-1-1024x158.png\"},{\"@type\":\"BreadcrumbList\",\"@id\":\"https:\\\/\\\/shuarculturalcenter.com\\\/bio-products\\\/#breadcrumb\",\"itemListElement\":[{\"@type\":\"ListItem\",\"position\":1,\"name\":\"Home\",\"item\":\"https:\\\/\\\/shuarculturalcenter.com\\\/\"},{\"@type\":\"ListItem\",\"position\":2,\"name\":\"Bio Products\"}]},{\"@type\":\"WebSite\",\"@id\":\"https:\\\/\\\/shuarculturalcenter.com\\\/#website\",\"url\":\"https:\\\/\\\/shuarculturalcenter.com\\\/\",\"name\":\"Shuar Cultural Center\",\"description\":\"Experts in Adventure Tours in the Amazon Rainforest in Ecuador\",\"publisher\":{\"@id\":\"https:\\\/\\\/shuarculturalcenter.com\\\/#organization\"},\"potentialAction\":[{\"@type\":\"SearchAction\",\"target\":{\"@type\":\"EntryPoint\",\"urlTemplate\":\"https:\\\/\\\/shuarculturalcenter.com\\\/?s={search_term_string}\"},\"query-input\":{\"@type\":\"PropertyValueSpecification\",\"valueRequired\":true,\"valueName\":\"search_term_string\"}}],\"inLanguage\":\"es\"},{\"@type\":\"Organization\",\"@id\":\"https:\\\/\\\/shuarculturalcenter.com\\\/#organization\",\"name\":\"Shuar Cultural Center\",\"url\":\"https:\\\/\\\/shuarculturalcenter.com\\\/\",\"logo\":{\"@type\":\"ImageObject\",\"inLanguage\":\"es\",\"@id\":\"https:\\\/\\\/shuarculturalcenter.com\\\/#\\\/schema\\\/logo\\\/image\\\/\",\"url\":\"https:\\\/\\\/shuarculturalcenter.com\\\/wp-content\\\/uploads\\\/2023\\\/09\\\/LOGO-FINAL-BLANCO.png\",\"contentUrl\":\"https:\\\/\\\/shuarculturalcenter.com\\\/wp-content\\\/uploads\\\/2023\\\/09\\\/LOGO-FINAL-BLANCO.png\",\"width\":1533,\"height\":474,\"caption\":\"Shuar Cultural Center\"},\"image\":{\"@id\":\"https:\\\/\\\/shuarculturalcenter.com\\\/#\\\/schema\\\/logo\\\/image\\\/\"},\"sameAs\":[\"https:\\\/\\\/www.facebook.com\\\/rescatecultural.shuar\",\"https:\\\/\\\/www.instagram.com\\\/shuar_cultural_center\\\/\",\"https:\\\/\\\/www.tiktok.com\\\/@shuarculturalcenter\"]}]}<\/script>\n<!-- \/ Yoast SEO plugin. -->","yoast_head_json":{"title":"Bio Products - Shuar Cultural Center","robots":{"index":"index","follow":"follow","max-snippet":"max-snippet:-1","max-image-preview":"max-image-preview:large","max-video-preview":"max-video-preview:-1"},"canonical":"https:\/\/shuarculturalcenter.com\/es\/bio-products\/","og_locale":"es_ES","og_type":"article","og_title":"Bio Products - Shuar Cultural Center","og_description":"We produce our own products with our own hands. Our Products Tsuak TSUAK is a Shuar liquor, organic and natural, that helps take care of your health by strengthening your immune system. Carmen Mashumar, one of the co-founders of the Shuar Cultural Center, carefully crafted this liquor using her ancestral knowledge of medicinal plants in [&hellip;]","og_url":"https:\/\/shuarculturalcenter.com\/es\/bio-products\/","og_site_name":"Shuar Cultural Center","article_publisher":"https:\/\/www.facebook.com\/rescatecultural.shuar","article_modified_time":"2023-10-23T15:26:09+00:00","og_image":[{"url":"https:\/\/shuarculturalcenter.com\/wp-content\/uploads\/2023\/09\/borde-1-1024x158.png","type":"","width":"","height":""}],"twitter_card":"summary_large_image","twitter_misc":{"Tiempo de lectura":"1 minuto"},"schema":{"@context":"https:\/\/schema.org","@graph":[{"@type":"WebPage","@id":"https:\/\/shuarculturalcenter.com\/bio-products\/","url":"https:\/\/shuarculturalcenter.com\/bio-products\/","name":"Bio Products - Shuar Cultural Center","isPartOf":{"@id":"https:\/\/shuarculturalcenter.com\/#website"},"primaryImageOfPage":{"@id":"https:\/\/shuarculturalcenter.com\/bio-products\/#primaryimage"},"image":{"@id":"https:\/\/shuarculturalcenter.com\/bio-products\/#primaryimage"},"thumbnailUrl":"https:\/\/shuarculturalcenter.com\/wp-content\/uploads\/2023\/09\/borde-1-1024x158.png","datePublished":"2023-09-19T19:05:12+00:00","dateModified":"2023-10-23T15:26:09+00:00","breadcrumb":{"@id":"https:\/\/shuarculturalcenter.com\/bio-products\/#breadcrumb"},"inLanguage":"es","potentialAction":[{"@type":"ReadAction","target":["https:\/\/shuarculturalcenter.com\/bio-products\/"]}]},{"@type":"ImageObject","inLanguage":"es","@id":"https:\/\/shuarculturalcenter.com\/bio-products\/#primaryimage","url":"https:\/\/shuarculturalcenter.com\/wp-content\/uploads\/2023\/09\/borde-1-1024x158.png","contentUrl":"https:\/\/shuarculturalcenter.com\/wp-content\/uploads\/2023\/09\/borde-1-1024x158.png"},{"@type":"BreadcrumbList","@id":"https:\/\/shuarculturalcenter.com\/bio-products\/#breadcrumb","itemListElement":[{"@type":"ListItem","position":1,"name":"Home","item":"https:\/\/shuarculturalcenter.com\/"},{"@type":"ListItem","position":2,"name":"Bio Products"}]},{"@type":"WebSite","@id":"https:\/\/shuarculturalcenter.com\/#website","url":"https:\/\/shuarculturalcenter.com\/","name":"Shuar Cultural Center","description":"Experts in Adventure Tours in the Amazon Rainforest in Ecuador","publisher":{"@id":"https:\/\/shuarculturalcenter.com\/#organization"},"potentialAction":[{"@type":"SearchAction","target":{"@type":"EntryPoint","urlTemplate":"https:\/\/shuarculturalcenter.com\/?s={search_term_string}"},"query-input":{"@type":"PropertyValueSpecification","valueRequired":true,"valueName":"search_term_string"}}],"inLanguage":"es"},{"@type":"Organization","@id":"https:\/\/shuarculturalcenter.com\/#organization","name":"Shuar Cultural Center","url":"https:\/\/shuarculturalcenter.com\/","logo":{"@type":"ImageObject","inLanguage":"es","@id":"https:\/\/shuarculturalcenter.com\/#\/schema\/logo\/image\/","url":"https:\/\/shuarculturalcenter.com\/wp-content\/uploads\/2023\/09\/LOGO-FINAL-BLANCO.png","contentUrl":"https:\/\/shuarculturalcenter.com\/wp-content\/uploads\/2023\/09\/LOGO-FINAL-BLANCO.png","width":1533,"height":474,"caption":"Shuar Cultural Center"},"image":{"@id":"https:\/\/shuarculturalcenter.com\/#\/schema\/logo\/image\/"},"sameAs":["https:\/\/www.facebook.com\/rescatecultural.shuar","https:\/\/www.instagram.com\/shuar_cultural_center\/","https:\/\/www.tiktok.com\/@shuarculturalcenter"]}]}},"_links":{"self":[{"href":"https:\/\/shuarculturalcenter.com\/es\/wp-json\/wp\/v2\/pages\/287","targetHints":{"allow":["GET"]}}],"collection":[{"href":"https:\/\/shuarculturalcenter.com\/es\/wp-json\/wp\/v2\/pages"}],"about":[{"href":"https:\/\/shuarculturalcenter.com\/es\/wp-json\/wp\/v2\/types\/page"}],"author":[{"embeddable":true,"href":"https:\/\/shuarculturalcenter.com\/es\/wp-json\/wp\/v2\/users\/2"}],"replies":[{"embeddable":true,"href":"https:\/\/shuarculturalcenter.com\/es\/wp-json\/wp\/v2\/comments?post=287"}],"version-history":[{"count":34,"href":"https:\/\/shuarculturalcenter.com\/es\/wp-json\/wp\/v2\/pages\/287\/revisions"}],"predecessor-version":[{"id":1067,"href":"https:\/\/shuarculturalcenter.com\/es\/wp-json\/wp\/v2\/pages\/287\/revisions\/1067"}],"wp:attachment":[{"href":"https:\/\/shuarculturalcenter.com\/es\/wp-json\/wp\/v2\/media?parent=287"}],"curies":[{"name":"wp","href":"https:\/\/api.w.org\/{rel}","templated":true}]}}